{"id":769,"date":"2023-01-09T18:06:51","date_gmt":"2023-01-09T17:06:51","guid":{"rendered":"https:\/\/detec-watch.ch\/?page_id=769"},"modified":"2023-01-09T18:08:09","modified_gmt":"2023-01-09T17:08:09","slug":"datenschutz","status":"publish","type":"page","link":"https:\/\/extern21.gruene.ch\/detec-watch.ch\/datenschutz","title":{"rendered":"Datenschutz"},"content":{"rendered":"","protected":false},"excerpt":{"rendered":"","protected":false},"author":2,"featured_media":0,"parent":0,"menu_order":0,"comment_status":"closed","ping_status":"closed","template":"","meta":{"_acf_changed":false,"inline_featured_image":false,"footnotes":""},"class_list":["post-769","page","type-page","status-publish","hentry"],"acf":[],"yoast_head":"<!-- This site is optimized with the Yoast SEO plugin v26.9 - https:\/\/yoast.com\/product\/yoast-seo-wordpress\/ -->\n<title>Datenschutz - DETEC Watch<\/title>\n<meta name=\"robots\" content=\"index, follow, max-snippet:-1, max-image-preview:large, max-video-preview:-1\" \/>\n<link rel=\"canonical\" href=\"https:\/\/extern21.gruene.ch\/detec-watch.ch\/datenschutz\" \/>\n<meta property=\"og:locale\" content=\"fr_FR\" \/>\n<meta property=\"og:type\" content=\"article\" \/>\n<meta property=\"og:title\" content=\"Datenschutz - DETEC Watch\" \/>\n<meta property=\"og:url\" content=\"https:\/\/extern21.gruene.ch\/detec-watch.ch\/datenschutz\" \/>\n<meta property=\"og:site_name\" content=\"DETEC Watch\" \/>\n<meta property=\"article:modified_time\" content=\"2023-01-09T17:08:09+00:00\" \/>\n<meta name=\"twitter:card\" content=\"summary_large_image\" \/>\n<script type=\"application\/ld+json\" class=\"yoast-schema-graph\">{\"@context\":\"https:\/\/schema.org\",\"@graph\":[{\"@type\":\"WebPage\",\"@id\":\"https:\/\/extern21.gruene.ch\/detec-watch.ch\/datenschutz\",\"url\":\"https:\/\/extern21.gruene.ch\/detec-watch.ch\/datenschutz\",\"name\":\"Datenschutz - DETEC Watch\",\"isPartOf\":{\"@id\":\"https:\/\/extern21.gruene.ch\/detec-watch.ch\/#website\"},\"datePublished\":\"2023-01-09T17:06:51+00:00\",\"dateModified\":\"2023-01-09T17:08:09+00:00\",\"breadcrumb\":{\"@id\":\"https:\/\/extern21.gruene.ch\/detec-watch.ch\/datenschutz#breadcrumb\"},\"inLanguage\":\"fr-FR\",\"potentialAction\":[{\"@type\":\"ReadAction\",\"target\":[\"https:\/\/extern21.gruene.ch\/detec-watch.ch\/datenschutz\"]}]},{\"@type\":\"BreadcrumbList\",\"@id\":\"https:\/\/extern21.gruene.ch\/detec-watch.ch\/datenschutz#breadcrumb\",\"itemListElement\":[{\"@type\":\"ListItem\",\"position\":1,\"name\":\"Startseite\",\"item\":\"https:\/\/extern21.gruene.ch\/detec-watch.ch\/\"},{\"@type\":\"ListItem\",\"position\":2,\"name\":\"Datenschutz\"}]},{\"@type\":\"WebSite\",\"@id\":\"https:\/\/extern21.gruene.ch\/detec-watch.ch\/#website\",\"url\":\"https:\/\/extern21.gruene.ch\/detec-watch.ch\/\",\"name\":\"DETEC Watch\",\"description\":\"Documentation du travail du conseiller f\u00e9d\u00e9ral Albert R\u00f6sti\",\"potentialAction\":[{\"@type\":\"SearchAction\",\"target\":{\"@type\":\"EntryPoint\",\"urlTemplate\":\"https:\/\/extern21.gruene.ch\/detec-watch.ch\/?s={search_term_string}\"},\"query-input\":{\"@type\":\"PropertyValueSpecification\",\"valueRequired\":true,\"valueName\":\"search_term_string\"}}],\"inLanguage\":\"fr-FR\"}]}<\/script>\n<!-- \/ Yoast SEO plugin. -->","yoast_head_json":{"title":"Datenschutz - DETEC Watch","robots":{"index":"index","follow":"follow","max-snippet":"max-snippet:-1","max-image-preview":"max-image-preview:large","max-video-preview":"max-video-preview:-1"},"canonical":"https:\/\/extern21.gruene.ch\/detec-watch.ch\/datenschutz","og_locale":"fr_FR","og_type":"article","og_title":"Datenschutz - DETEC Watch","og_url":"https:\/\/extern21.gruene.ch\/detec-watch.ch\/datenschutz","og_site_name":"DETEC Watch","article_modified_time":"2023-01-09T17:08:09+00:00","twitter_card":"summary_large_image","schema":{"@context":"https:\/\/schema.org","@graph":[{"@type":"WebPage","@id":"https:\/\/extern21.gruene.ch\/detec-watch.ch\/datenschutz","url":"https:\/\/extern21.gruene.ch\/detec-watch.ch\/datenschutz","name":"Datenschutz - DETEC Watch","isPartOf":{"@id":"https:\/\/extern21.gruene.ch\/detec-watch.ch\/#website"},"datePublished":"2023-01-09T17:06:51+00:00","dateModified":"2023-01-09T17:08:09+00:00","breadcrumb":{"@id":"https:\/\/extern21.gruene.ch\/detec-watch.ch\/datenschutz#breadcrumb"},"inLanguage":"fr-FR","potentialAction":[{"@type":"ReadAction","target":["https:\/\/extern21.gruene.ch\/detec-watch.ch\/datenschutz"]}]},{"@type":"BreadcrumbList","@id":"https:\/\/extern21.gruene.ch\/detec-watch.ch\/datenschutz#breadcrumb","itemListElement":[{"@type":"ListItem","position":1,"name":"Startseite","item":"https:\/\/extern21.gruene.ch\/detec-watch.ch\/"},{"@type":"ListItem","position":2,"name":"Datenschutz"}]},{"@type":"WebSite","@id":"https:\/\/extern21.gruene.ch\/detec-watch.ch\/#website","url":"https:\/\/extern21.gruene.ch\/detec-watch.ch\/","name":"DETEC Watch","description":"Documentation du travail du conseiller f\u00e9d\u00e9ral Albert R\u00f6sti","potentialAction":[{"@type":"SearchAction","target":{"@type":"EntryPoint","urlTemplate":"https:\/\/extern21.gruene.ch\/detec-watch.ch\/?s={search_term_string}"},"query-input":{"@type":"PropertyValueSpecification","valueRequired":true,"valueName":"search_term_string"}}],"inLanguage":"fr-FR"}]}},"_links":{"self":[{"href":"https:\/\/extern21.gruene.ch\/detec-watch.ch\/wp-json\/wp\/v2\/pages\/769","targetHints":{"allow":["GET"]}}],"collection":[{"href":"https:\/\/extern21.gruene.ch\/detec-watch.ch\/wp-json\/wp\/v2\/pages"}],"about":[{"href":"https:\/\/extern21.gruene.ch\/detec-watch.ch\/wp-json\/wp\/v2\/types\/page"}],"author":[{"embeddable":true,"href":"https:\/\/extern21.gruene.ch\/detec-watch.ch\/wp-json\/wp\/v2\/users\/2"}],"replies":[{"embeddable":true,"href":"https:\/\/extern21.gruene.ch\/detec-watch.ch\/wp-json\/wp\/v2\/comments?post=769"}],"version-history":[{"count":4,"href":"https:\/\/extern21.gruene.ch\/detec-watch.ch\/wp-json\/wp\/v2\/pages\/769\/revisions"}],"predecessor-version":[{"id":773,"href":"https:\/\/extern21.gruene.ch\/detec-watch.ch\/wp-json\/wp\/v2\/pages\/769\/revisions\/773"}],"wp:attachment":[{"href":"https:\/\/extern21.gruene.ch\/detec-watch.ch\/wp-json\/wp\/v2\/media?parent=769"}],"curies":[{"name":"wp","href":"https:\/\/api.w.org\/{rel}","templated":true}]}}