{"id":870,"date":"2023-01-17T15:14:39","date_gmt":"2023-01-17T14:14:39","guid":{"rendered":"https:\/\/detec-watch.ch\/?page_id=870"},"modified":"2024-07-10T11:24:41","modified_gmt":"2024-07-10T09:24:41","slug":"a-notre-sujet","status":"publish","type":"page","link":"https:\/\/extern21.gruene.ch\/detec-watch.ch\/a-notre-sujet","title":{"rendered":"A notre sujet"},"content":{"rendered":"","protected":false},"excerpt":{"rendered":"","protected":false},"author":60,"featured_media":1063,"parent":0,"menu_order":0,"comment_status":"closed","ping_status":"closed","template":"","meta":{"_acf_changed":false,"inline_featured_image":false,"footnotes":""},"class_list":["post-870","page","type-page","status-publish","has-post-thumbnail","hentry"],"acf":[],"yoast_head":"<!-- This site is optimized with the Yoast SEO plugin v26.9 - https:\/\/yoast.com\/product\/yoast-seo-wordpress\/ -->\n<title>A notre sujet - DETEC Watch<\/title>\n<meta name=\"description\" content=\"Le blog \u00abDETEC-watch\u00bb est g\u00e9r\u00e9 par le groupe parlementaire f\u00e9d\u00e9ral des VERT-E-S suisses. Notre \u00e9quipe se compose de 23 conseill\u00e8res et conseillers nationaux et de trois \u00e9lu-e-s au Conseil des Etats. Ensemble, nous nous engageons, entre autres, pour une politique environnementale tourn\u00e9e vers l&#039;avenir, pour l&#039;\u00e9galit\u00e9 et en faveur d&#039;une qu&#039;une politique sociale solidaire.\" \/>\n<meta name=\"robots\" content=\"index, follow, max-snippet:-1, max-image-preview:large, max-video-preview:-1\" \/>\n<link rel=\"canonical\" href=\"https:\/\/extern21.gruene.ch\/detec-watch.ch\/a-notre-sujet\" \/>\n<meta property=\"og:locale\" content=\"fr_FR\" \/>\n<meta property=\"og:type\" content=\"article\" \/>\n<meta property=\"og:title\" content=\"A notre sujet - DETEC Watch\" \/>\n<meta property=\"og:description\" content=\"Le blog \u00abDETEC-watch\u00bb est g\u00e9r\u00e9 par le groupe parlementaire f\u00e9d\u00e9ral des VERT-E-S suisses. Notre \u00e9quipe se compose de 23 conseill\u00e8res \u2026\" \/>\n<meta property=\"og:url\" content=\"https:\/\/extern21.gruene.ch\/detec-watch.ch\/a-notre-sujet\" \/>\n<meta property=\"og:site_name\" content=\"DETEC Watch\" \/>\n<meta property=\"article:modified_time\" content=\"2024-07-10T09:24:41+00:00\" \/>\n<meta property=\"og:image\" content=\"https:\/\/extern21.gruene.ch\/detec-watch.ch\/wp-content\/uploads\/sites\/80\/2024\/07\/gruene_Fraktion_komp-2560x0-c-default-1200x630-c-center.jpg\" \/>\n\t<meta property=\"og:image:width\" content=\"1200\" \/>\n\t<meta property=\"og:image:height\" content=\"630\" \/>\n\t<meta property=\"og:image:type\" content=\"image\/jpeg\" \/>\n<meta name=\"twitter:card\" content=\"summary_large_image\" \/>\n<meta name=\"twitter:label1\" content=\"Dur\u00e9e de lecture estim\u00e9e\" \/>\n\t<meta name=\"twitter:data1\" content=\"1 minute\" \/>\n<script type=\"application\/ld+json\" class=\"yoast-schema-graph\">{\"@context\":\"https:\/\/schema.org\",\"@graph\":[{\"@type\":\"WebPage\",\"@id\":\"https:\/\/extern21.gruene.ch\/detec-watch.ch\/a-notre-sujet\",\"url\":\"https:\/\/extern21.gruene.ch\/detec-watch.ch\/a-notre-sujet\",\"name\":\"A notre sujet - DETEC Watch\",\"isPartOf\":{\"@id\":\"https:\/\/extern21.gruene.ch\/detec-watch.ch\/#website\"},\"primaryImageOfPage\":{\"@id\":\"https:\/\/extern21.gruene.ch\/detec-watch.ch\/a-notre-sujet#primaryimage\"},\"image\":{\"@id\":\"https:\/\/extern21.gruene.ch\/detec-watch.ch\/a-notre-sujet#primaryimage\"},\"thumbnailUrl\":\"https:\/\/extern21.gruene.ch\/detec-watch.ch\/wp-content\/uploads\/sites\/80\/2024\/07\/gruene_Fraktion_komp-2560x0-c-default-1024x0-c-default.jpg\",\"datePublished\":\"2023-01-17T14:14:39+00:00\",\"dateModified\":\"2024-07-10T09:24:41+00:00\",\"description\":\"Le blog \u00abDETEC-watch\u00bb est g\u00e9r\u00e9 par le groupe parlementaire f\u00e9d\u00e9ral des VERT-E-S suisses. Notre \u00e9quipe se compose de 23 conseill\u00e8res et conseillers nationaux et de trois \u00e9lu-e-s au Conseil des Etats. Ensemble, nous nous engageons, entre autres, pour une politique environnementale tourn\u00e9e vers l'avenir, pour l'\u00e9galit\u00e9 et en faveur d'une qu'une politique sociale solidaire.\",\"breadcrumb\":{\"@id\":\"https:\/\/extern21.gruene.ch\/detec-watch.ch\/a-notre-sujet#breadcrumb\"},\"inLanguage\":\"fr-FR\",\"potentialAction\":[{\"@type\":\"ReadAction\",\"target\":[\"https:\/\/extern21.gruene.ch\/detec-watch.ch\/a-notre-sujet\"]}]},{\"@type\":\"ImageObject\",\"inLanguage\":\"fr-FR\",\"@id\":\"https:\/\/extern21.gruene.ch\/detec-watch.ch\/a-notre-sujet#primaryimage\",\"url\":\"https:\/\/extern21.gruene.ch\/detec-watch.ch\/wp-content\/uploads\/sites\/80\/2024\/07\/gruene_Fraktion_komp-2560x0-c-default-1024x0-c-default.jpg\",\"contentUrl\":\"https:\/\/extern21.gruene.ch\/detec-watch.ch\/wp-content\/uploads\/sites\/80\/2024\/07\/gruene_Fraktion_komp-2560x0-c-default-1024x0-c-default.jpg\",\"width\":2560,\"height\":1708},{\"@type\":\"BreadcrumbList\",\"@id\":\"https:\/\/extern21.gruene.ch\/detec-watch.ch\/a-notre-sujet#breadcrumb\",\"itemListElement\":[{\"@type\":\"ListItem\",\"position\":1,\"name\":\"Startseite\",\"item\":\"https:\/\/extern21.gruene.ch\/detec-watch.ch\/\"},{\"@type\":\"ListItem\",\"position\":2,\"name\":\"A notre sujet\"}]},{\"@type\":\"WebSite\",\"@id\":\"https:\/\/extern21.gruene.ch\/detec-watch.ch\/#website\",\"url\":\"https:\/\/extern21.gruene.ch\/detec-watch.ch\/\",\"name\":\"DETEC Watch\",\"description\":\"Documentation du travail du conseiller f\u00e9d\u00e9ral Albert R\u00f6sti\",\"potentialAction\":[{\"@type\":\"SearchAction\",\"target\":{\"@type\":\"EntryPoint\",\"urlTemplate\":\"https:\/\/extern21.gruene.ch\/detec-watch.ch\/?s={search_term_string}\"},\"query-input\":{\"@type\":\"PropertyValueSpecification\",\"valueRequired\":true,\"valueName\":\"search_term_string\"}}],\"inLanguage\":\"fr-FR\"}]}<\/script>\n<!-- \/ Yoast SEO plugin. -->","yoast_head_json":{"title":"A notre sujet - DETEC Watch","description":"Le blog \u00abDETEC-watch\u00bb est g\u00e9r\u00e9 par le groupe parlementaire f\u00e9d\u00e9ral des VERT-E-S suisses. Notre \u00e9quipe se compose de 23 conseill\u00e8res et conseillers nationaux et de trois \u00e9lu-e-s au Conseil des Etats. Ensemble, nous nous engageons, entre autres, pour une politique environnementale tourn\u00e9e vers l'avenir, pour l'\u00e9galit\u00e9 et en faveur d'une qu'une politique sociale solidaire.","robots":{"index":"index","follow":"follow","max-snippet":"max-snippet:-1","max-image-preview":"max-image-preview:large","max-video-preview":"max-video-preview:-1"},"canonical":"https:\/\/extern21.gruene.ch\/detec-watch.ch\/a-notre-sujet","og_locale":"fr_FR","og_type":"article","og_title":"A notre sujet - DETEC Watch","og_description":"Le blog \u00abDETEC-watch\u00bb est g\u00e9r\u00e9 par le groupe parlementaire f\u00e9d\u00e9ral des VERT-E-S suisses. Notre \u00e9quipe se compose de 23 conseill\u00e8res \u2026","og_url":"https:\/\/extern21.gruene.ch\/detec-watch.ch\/a-notre-sujet","og_site_name":"DETEC Watch","article_modified_time":"2024-07-10T09:24:41+00:00","og_image":[{"width":1200,"height":630,"url":"https:\/\/extern21.gruene.ch\/detec-watch.ch\/wp-content\/uploads\/sites\/80\/2024\/07\/gruene_Fraktion_komp-2560x0-c-default-1200x630-c-center.jpg","type":"image\/jpeg"}],"twitter_card":"summary_large_image","twitter_misc":{"Dur\u00e9e de lecture estim\u00e9e":"1 minute"},"schema":{"@context":"https:\/\/schema.org","@graph":[{"@type":"WebPage","@id":"https:\/\/extern21.gruene.ch\/detec-watch.ch\/a-notre-sujet","url":"https:\/\/extern21.gruene.ch\/detec-watch.ch\/a-notre-sujet","name":"A notre sujet - DETEC Watch","isPartOf":{"@id":"https:\/\/extern21.gruene.ch\/detec-watch.ch\/#website"},"primaryImageOfPage":{"@id":"https:\/\/extern21.gruene.ch\/detec-watch.ch\/a-notre-sujet#primaryimage"},"image":{"@id":"https:\/\/extern21.gruene.ch\/detec-watch.ch\/a-notre-sujet#primaryimage"},"thumbnailUrl":"https:\/\/extern21.gruene.ch\/detec-watch.ch\/wp-content\/uploads\/sites\/80\/2024\/07\/gruene_Fraktion_komp-2560x0-c-default-1024x0-c-default.jpg","datePublished":"2023-01-17T14:14:39+00:00","dateModified":"2024-07-10T09:24:41+00:00","description":"Le blog \u00abDETEC-watch\u00bb est g\u00e9r\u00e9 par le groupe parlementaire f\u00e9d\u00e9ral des VERT-E-S suisses. Notre \u00e9quipe se compose de 23 conseill\u00e8res et conseillers nationaux et de trois \u00e9lu-e-s au Conseil des Etats. Ensemble, nous nous engageons, entre autres, pour une politique environnementale tourn\u00e9e vers l'avenir, pour l'\u00e9galit\u00e9 et en faveur d'une qu'une politique sociale solidaire.","breadcrumb":{"@id":"https:\/\/extern21.gruene.ch\/detec-watch.ch\/a-notre-sujet#breadcrumb"},"inLanguage":"fr-FR","potentialAction":[{"@type":"ReadAction","target":["https:\/\/extern21.gruene.ch\/detec-watch.ch\/a-notre-sujet"]}]},{"@type":"ImageObject","inLanguage":"fr-FR","@id":"https:\/\/extern21.gruene.ch\/detec-watch.ch\/a-notre-sujet#primaryimage","url":"https:\/\/extern21.gruene.ch\/detec-watch.ch\/wp-content\/uploads\/sites\/80\/2024\/07\/gruene_Fraktion_komp-2560x0-c-default-1024x0-c-default.jpg","contentUrl":"https:\/\/extern21.gruene.ch\/detec-watch.ch\/wp-content\/uploads\/sites\/80\/2024\/07\/gruene_Fraktion_komp-2560x0-c-default-1024x0-c-default.jpg","width":2560,"height":1708},{"@type":"BreadcrumbList","@id":"https:\/\/extern21.gruene.ch\/detec-watch.ch\/a-notre-sujet#breadcrumb","itemListElement":[{"@type":"ListItem","position":1,"name":"Startseite","item":"https:\/\/extern21.gruene.ch\/detec-watch.ch\/"},{"@type":"ListItem","position":2,"name":"A notre sujet"}]},{"@type":"WebSite","@id":"https:\/\/extern21.gruene.ch\/detec-watch.ch\/#website","url":"https:\/\/extern21.gruene.ch\/detec-watch.ch\/","name":"DETEC Watch","description":"Documentation du travail du conseiller f\u00e9d\u00e9ral Albert R\u00f6sti","potentialAction":[{"@type":"SearchAction","target":{"@type":"EntryPoint","urlTemplate":"https:\/\/extern21.gruene.ch\/detec-watch.ch\/?s={search_term_string}"},"query-input":{"@type":"PropertyValueSpecification","valueRequired":true,"valueName":"search_term_string"}}],"inLanguage":"fr-FR"}]}},"_links":{"self":[{"href":"https:\/\/extern21.gruene.ch\/detec-watch.ch\/wp-json\/wp\/v2\/pages\/870","targetHints":{"allow":["GET"]}}],"collection":[{"href":"https:\/\/extern21.gruene.ch\/detec-watch.ch\/wp-json\/wp\/v2\/pages"}],"about":[{"href":"https:\/\/extern21.gruene.ch\/detec-watch.ch\/wp-json\/wp\/v2\/types\/page"}],"author":[{"embeddable":true,"href":"https:\/\/extern21.gruene.ch\/detec-watch.ch\/wp-json\/wp\/v2\/users\/60"}],"replies":[{"embeddable":true,"href":"https:\/\/extern21.gruene.ch\/detec-watch.ch\/wp-json\/wp\/v2\/comments?post=870"}],"version-history":[{"count":3,"href":"https:\/\/extern21.gruene.ch\/detec-watch.ch\/wp-json\/wp\/v2\/pages\/870\/revisions"}],"predecessor-version":[{"id":1067,"href":"https:\/\/extern21.gruene.ch\/detec-watch.ch\/wp-json\/wp\/v2\/pages\/870\/revisions\/1067"}],"wp:featuredmedia":[{"embeddable":true,"href":"https:\/\/extern21.gruene.ch\/detec-watch.ch\/wp-json\/wp\/v2\/media\/1063"}],"wp:attachment":[{"href":"https:\/\/extern21.gruene.ch\/detec-watch.ch\/wp-json\/wp\/v2\/media?parent=870"}],"curies":[{"name":"wp","href":"https:\/\/api.w.org\/{rel}","templated":true}]}}