{"id":819,"date":"2023-01-12T09:39:46","date_gmt":"2023-01-12T08:39:46","guid":{"rendered":"https:\/\/extern21.gruene.ch\/uvektest\/?page_id=819"},"modified":"2023-01-26T11:14:58","modified_gmt":"2023-01-26T10:14:58","slug":"weshalb-gibt-es-diesen-watchblog","status":"publish","type":"page","link":"https:\/\/extern21.gruene.ch\/uvektest\/weshalb-gibt-es-diesen-watchblog","title":{"rendered":"Weshalb gibt es diesen Watchblog?"},"content":{"rendered":"","protected":false},"excerpt":{"rendered":"","protected":false},"author":63,"featured_media":952,"parent":0,"menu_order":0,"comment_status":"closed","ping_status":"closed","template":"","meta":{"_acf_changed":false,"inline_featured_image":false,"footnotes":""},"class_list":["post-819","page","type-page","status-publish","has-post-thumbnail","hentry"],"acf":[],"yoast_head":"<!-- This site is optimized with the Yoast SEO plugin v26.9 - https:\/\/yoast.com\/product\/yoast-seo-wordpress\/ -->\n<title>Weshalb gibt es diesen Watchblog? - UVEK Watch Test<\/title>\n<meta name=\"description\" content=\"Mit Albert R\u00f6sti (SVP) hat Anfang 2023 ein bekennender \u00d6l- und Auto-Lobbyist das Departement f\u00fcr Umwelt, Verkehr, Energie und Kommunikation \u00fcbernommen. Damit Bundesrat R\u00f6sti seine eigenen Versprechen erf\u00fcllt, wonach er im Interesse der gesamten Bev\u00f6lkerung regieren will, dokumentieren wir hier seine tats\u00e4chliche Arbeit im UVEK.\" \/>\n<meta name=\"robots\" content=\"index, follow, max-snippet:-1, max-image-preview:large, max-video-preview:-1\" \/>\n<link rel=\"canonical\" href=\"https:\/\/extern21.gruene.ch\/uvektest\/weshalb-gibt-es-diesen-watchblog\" \/>\n<meta property=\"og:locale\" content=\"de_DE\" \/>\n<meta property=\"og:type\" content=\"article\" \/>\n<meta property=\"og:title\" content=\"Weshalb gibt es diesen Watchblog? - UVEK Watch Test\" \/>\n<meta property=\"og:description\" content=\"Mit Albert R\u00f6sti (SVP) hat Anfang 2023 ein bekennender \u00d6l- und Auto-Lobbyist das Departement f\u00fcr Umwelt, Verkehr, Energie und \u2026\" \/>\n<meta property=\"og:url\" content=\"https:\/\/extern21.gruene.ch\/uvektest\/weshalb-gibt-es-diesen-watchblog\" \/>\n<meta property=\"og:site_name\" content=\"UVEK Watch Test\" \/>\n<meta property=\"article:modified_time\" content=\"2023-01-26T10:14:58+00:00\" \/>\n<meta property=\"og:image\" content=\"https:\/\/extern21.gruene.ch\/uvektest\/wp-content\/uploads\/sites\/79\/2023\/01\/Watchblog_Header_Roesti_7.jpg\" \/>\n\t<meta property=\"og:image:width\" content=\"2560\" \/>\n\t<meta property=\"og:image:height\" content=\"1170\" \/>\n\t<meta property=\"og:image:type\" content=\"image\/jpeg\" \/>\n<meta name=\"twitter:card\" content=\"summary_large_image\" \/>\n<script type=\"application\/ld+json\" class=\"yoast-schema-graph\">{\"@context\":\"https:\/\/schema.org\",\"@graph\":[{\"@type\":\"WebPage\",\"@id\":\"https:\/\/extern21.gruene.ch\/uvektest\/weshalb-gibt-es-diesen-watchblog\",\"url\":\"https:\/\/extern21.gruene.ch\/uvektest\/weshalb-gibt-es-diesen-watchblog\",\"name\":\"Weshalb gibt es diesen Watchblog? - UVEK Watch Test\",\"isPartOf\":{\"@id\":\"https:\/\/extern21.gruene.ch\/uvektest\/#website\"},\"primaryImageOfPage\":{\"@id\":\"https:\/\/extern21.gruene.ch\/uvektest\/weshalb-gibt-es-diesen-watchblog#primaryimage\"},\"image\":{\"@id\":\"https:\/\/extern21.gruene.ch\/uvektest\/weshalb-gibt-es-diesen-watchblog#primaryimage\"},\"thumbnailUrl\":\"https:\/\/extern21.gruene.ch\/uvektest\/wp-content\/uploads\/sites\/79\/2023\/01\/Watchblog_Header_Roesti_7-2560x0-c-default.jpg\",\"datePublished\":\"2023-01-12T08:39:46+00:00\",\"dateModified\":\"2023-01-26T10:14:58+00:00\",\"description\":\"Mit Albert R\u00f6sti (SVP) hat Anfang 2023 ein bekennender \u00d6l- und Auto-Lobbyist das Departement f\u00fcr Umwelt, Verkehr, Energie und Kommunikation \u00fcbernommen. Damit Bundesrat R\u00f6sti seine eigenen Versprechen erf\u00fcllt, wonach er im Interesse der gesamten Bev\u00f6lkerung regieren will, dokumentieren wir hier seine tats\u00e4chliche Arbeit im UVEK.\",\"breadcrumb\":{\"@id\":\"https:\/\/extern21.gruene.ch\/uvektest\/weshalb-gibt-es-diesen-watchblog#breadcrumb\"},\"inLanguage\":\"de\",\"potentialAction\":[{\"@type\":\"ReadAction\",\"target\":[\"https:\/\/extern21.gruene.ch\/uvektest\/weshalb-gibt-es-diesen-watchblog\"]}]},{\"@type\":\"ImageObject\",\"inLanguage\":\"de\",\"@id\":\"https:\/\/extern21.gruene.ch\/uvektest\/weshalb-gibt-es-diesen-watchblog#primaryimage\",\"url\":\"https:\/\/extern21.gruene.ch\/uvektest\/wp-content\/uploads\/sites\/79\/2023\/01\/Watchblog_Header_Roesti_7-2560x0-c-default.jpg\",\"contentUrl\":\"https:\/\/extern21.gruene.ch\/uvektest\/wp-content\/uploads\/sites\/79\/2023\/01\/Watchblog_Header_Roesti_7-2560x0-c-default.jpg\",\"width\":2560,\"height\":1170},{\"@type\":\"BreadcrumbList\",\"@id\":\"https:\/\/extern21.gruene.ch\/uvektest\/weshalb-gibt-es-diesen-watchblog#breadcrumb\",\"itemListElement\":[{\"@type\":\"ListItem\",\"position\":1,\"name\":\"Startseite\",\"item\":\"https:\/\/extern21.gruene.ch\/uvektest\/\"},{\"@type\":\"ListItem\",\"position\":2,\"name\":\"Weshalb gibt es diesen Watchblog?\"}]},{\"@type\":\"WebSite\",\"@id\":\"https:\/\/extern21.gruene.ch\/uvektest\/#website\",\"url\":\"https:\/\/extern21.gruene.ch\/uvektest\/\",\"name\":\"UVEK Watch Test\",\"description\":\"Dokumentation der Arbeit von Bundesrat Albert R\u00f6sti\",\"potentialAction\":[{\"@type\":\"SearchAction\",\"target\":{\"@type\":\"EntryPoint\",\"urlTemplate\":\"https:\/\/extern21.gruene.ch\/uvektest\/?s={search_term_string}\"},\"query-input\":{\"@type\":\"PropertyValueSpecification\",\"valueRequired\":true,\"valueName\":\"search_term_string\"}}],\"inLanguage\":\"de\"}]}<\/script>\n<!-- \/ Yoast SEO plugin. -->","yoast_head_json":{"title":"Weshalb gibt es diesen Watchblog? - UVEK Watch Test","description":"Mit Albert R\u00f6sti (SVP) hat Anfang 2023 ein bekennender \u00d6l- und Auto-Lobbyist das Departement f\u00fcr Umwelt, Verkehr, Energie und Kommunikation \u00fcbernommen. Damit Bundesrat R\u00f6sti seine eigenen Versprechen erf\u00fcllt, wonach er im Interesse der gesamten Bev\u00f6lkerung regieren will, dokumentieren wir hier seine tats\u00e4chliche Arbeit im UVEK.","robots":{"index":"index","follow":"follow","max-snippet":"max-snippet:-1","max-image-preview":"max-image-preview:large","max-video-preview":"max-video-preview:-1"},"canonical":"https:\/\/extern21.gruene.ch\/uvektest\/weshalb-gibt-es-diesen-watchblog","og_locale":"de_DE","og_type":"article","og_title":"Weshalb gibt es diesen Watchblog? - UVEK Watch Test","og_description":"Mit Albert R\u00f6sti (SVP) hat Anfang 2023 ein bekennender \u00d6l- und Auto-Lobbyist das Departement f\u00fcr Umwelt, Verkehr, Energie und \u2026","og_url":"https:\/\/extern21.gruene.ch\/uvektest\/weshalb-gibt-es-diesen-watchblog","og_site_name":"UVEK Watch Test","article_modified_time":"2023-01-26T10:14:58+00:00","og_image":[{"width":2560,"height":1170,"url":"https:\/\/extern21.gruene.ch\/uvektest\/wp-content\/uploads\/sites\/79\/2023\/01\/Watchblog_Header_Roesti_7.jpg","type":"image\/jpeg"}],"twitter_card":"summary_large_image","schema":{"@context":"https:\/\/schema.org","@graph":[{"@type":"WebPage","@id":"https:\/\/extern21.gruene.ch\/uvektest\/weshalb-gibt-es-diesen-watchblog","url":"https:\/\/extern21.gruene.ch\/uvektest\/weshalb-gibt-es-diesen-watchblog","name":"Weshalb gibt es diesen Watchblog? - UVEK Watch Test","isPartOf":{"@id":"https:\/\/extern21.gruene.ch\/uvektest\/#website"},"primaryImageOfPage":{"@id":"https:\/\/extern21.gruene.ch\/uvektest\/weshalb-gibt-es-diesen-watchblog#primaryimage"},"image":{"@id":"https:\/\/extern21.gruene.ch\/uvektest\/weshalb-gibt-es-diesen-watchblog#primaryimage"},"thumbnailUrl":"https:\/\/extern21.gruene.ch\/uvektest\/wp-content\/uploads\/sites\/79\/2023\/01\/Watchblog_Header_Roesti_7-2560x0-c-default.jpg","datePublished":"2023-01-12T08:39:46+00:00","dateModified":"2023-01-26T10:14:58+00:00","description":"Mit Albert R\u00f6sti (SVP) hat Anfang 2023 ein bekennender \u00d6l- und Auto-Lobbyist das Departement f\u00fcr Umwelt, Verkehr, Energie und Kommunikation \u00fcbernommen. Damit Bundesrat R\u00f6sti seine eigenen Versprechen erf\u00fcllt, wonach er im Interesse der gesamten Bev\u00f6lkerung regieren will, dokumentieren wir hier seine tats\u00e4chliche Arbeit im UVEK.","breadcrumb":{"@id":"https:\/\/extern21.gruene.ch\/uvektest\/weshalb-gibt-es-diesen-watchblog#breadcrumb"},"inLanguage":"de","potentialAction":[{"@type":"ReadAction","target":["https:\/\/extern21.gruene.ch\/uvektest\/weshalb-gibt-es-diesen-watchblog"]}]},{"@type":"ImageObject","inLanguage":"de","@id":"https:\/\/extern21.gruene.ch\/uvektest\/weshalb-gibt-es-diesen-watchblog#primaryimage","url":"https:\/\/extern21.gruene.ch\/uvektest\/wp-content\/uploads\/sites\/79\/2023\/01\/Watchblog_Header_Roesti_7-2560x0-c-default.jpg","contentUrl":"https:\/\/extern21.gruene.ch\/uvektest\/wp-content\/uploads\/sites\/79\/2023\/01\/Watchblog_Header_Roesti_7-2560x0-c-default.jpg","width":2560,"height":1170},{"@type":"BreadcrumbList","@id":"https:\/\/extern21.gruene.ch\/uvektest\/weshalb-gibt-es-diesen-watchblog#breadcrumb","itemListElement":[{"@type":"ListItem","position":1,"name":"Startseite","item":"https:\/\/extern21.gruene.ch\/uvektest\/"},{"@type":"ListItem","position":2,"name":"Weshalb gibt es diesen Watchblog?"}]},{"@type":"WebSite","@id":"https:\/\/extern21.gruene.ch\/uvektest\/#website","url":"https:\/\/extern21.gruene.ch\/uvektest\/","name":"UVEK Watch Test","description":"Dokumentation der Arbeit von Bundesrat Albert R\u00f6sti","potentialAction":[{"@type":"SearchAction","target":{"@type":"EntryPoint","urlTemplate":"https:\/\/extern21.gruene.ch\/uvektest\/?s={search_term_string}"},"query-input":{"@type":"PropertyValueSpecification","valueRequired":true,"valueName":"search_term_string"}}],"inLanguage":"de"}]}},"lang":"de","translations":{"de":819,"fr":868},"pll_sync_post":[],"_links":{"self":[{"href":"https:\/\/extern21.gruene.ch\/uvektest\/wp-json\/wp\/v2\/pages\/819","targetHints":{"allow":["GET"]}}],"collection":[{"href":"https:\/\/extern21.gruene.ch\/uvektest\/wp-json\/wp\/v2\/pages"}],"about":[{"href":"https:\/\/extern21.gruene.ch\/uvektest\/wp-json\/wp\/v2\/types\/page"}],"author":[{"embeddable":true,"href":"https:\/\/extern21.gruene.ch\/uvektest\/wp-json\/wp\/v2\/users\/63"}],"replies":[{"embeddable":true,"href":"https:\/\/extern21.gruene.ch\/uvektest\/wp-json\/wp\/v2\/comments?post=819"}],"version-history":[{"count":6,"href":"https:\/\/extern21.gruene.ch\/uvektest\/wp-json\/wp\/v2\/pages\/819\/revisions"}],"predecessor-version":[{"id":954,"href":"https:\/\/extern21.gruene.ch\/uvektest\/wp-json\/wp\/v2\/pages\/819\/revisions\/954"}],"wp:featuredmedia":[{"embeddable":true,"href":"https:\/\/extern21.gruene.ch\/uvektest\/wp-json\/wp\/v2\/media\/952"}],"wp:attachment":[{"href":"https:\/\/extern21.gruene.ch\/uvektest\/wp-json\/wp\/v2\/media?parent=819"}],"curies":[{"name":"wp","href":"https:\/\/api.w.org\/{rel}","templated":true}]}}